{"id":15,"date":"2015-03-30T15:14:32","date_gmt":"2015-03-30T13:14:32","guid":{"rendered":"http:\/\/cms.prosatira.de\/?page_id=15"},"modified":"2020-09-20T19:46:54","modified_gmt":"2020-09-20T17:46:54","slug":"impressum","status":"publish","type":"page","link":"https:\/\/prosatira.de\/?page_id=15","title":{"rendered":"Impressum"},"content":{"rendered":"<p><b>\u00a0<\/b><\/p>\n<p><b>Redaktionsanschrift:<\/b><\/p>\n<p>proSatira<\/p>\n<p>Karl-Erich Weber<\/p>\n<p>Rennbahnstr. 23 b<\/p>\n<p>67454 Ha\u00dfloch<\/p>\n<p>Telefon: 06324 979099<\/p>\n<p>E-Mail: <a href=\"mailto:info@prosatira.de\"><span style=\"text-decoration: underline;\">info@proSatira.de<\/span><\/a><\/p>\n<p>Inhaber und verantwortlich f\u00fcr den redaktionellen Inhalt und Anzeigen.<\/p>\n<p><b>Umsatzsteuer-ID: <\/b>DE 14973781<\/p>\n<p><b>Urheberrecht: <\/b>Alle in proSatira erschienen Beitr\u00e4ge sind urheberrechtlich gesch\u00fctzt. Alle Rechte (insbesondere Zweitverwertung) vorbehalten. Reproduktionen, gleich welcher Art, sowie elektronische Auswertungen nur mit schriftlicher Zustimmung des Inhabers. Aus der Ver\u00f6ffentlichung kann nicht geschlossen werden, dass die verwendeten Bezeichnungen frei von gewerblichen Schutzrechten sind. Die Grafiken, T\u00f6ne, Schriftz\u00fcge, Fotos und Texte auf www.proSatira.de unterliegen dem Urheberrecht von proSatira. Logos, Grafiken, Fotos, Texte oder Schriftz\u00fcge von nicht zu proSatira geh\u00f6rigen Produkten oder Unternehmen unterliegen dem Urheberrecht des jeweiligen Herstellers oder Unternehmens.<\/p>\n<p><b>Haftung: <\/b>F\u00fcr den Fall, dass in proSatira unzutreffende Informationen oder Fehler enthalten sein sollten, kommt eine Haftung nur bei grober Fahrl\u00e4ssigkeit der Firma oder seiner Mitarbeiter in Betracht. Namentlich gekennzeichnete Beitr\u00e4ge, Agenturmeldungen oder Leserzuschriften spiegeln nicht unbedingt die Meinung von proSatira wieder.<\/p>\n<p><b>Links zu anderen Seiten im Internet: <\/b>Wir m\u00f6chten ausdr\u00fccklich betonen, dass wir keinerlei Einfluss auf die Gestaltung und die Inhalte der gelinkten Seiten haben. Deshalb distanzieren wir uns hiermit ausdr\u00fccklich von allen Inhalten aller gelinkten Seiten auf unserer Homepage. Diese Erkl\u00e4rung gilt f\u00fcr alle auf unserer Homepage ausgebrachten Links und f\u00fcr alle Inhalte der Seiten zu denen die Banner oder Verkn\u00fcpfungen f\u00fchren, entsprechend dem Grundsatzurteil des Landgerichts Hamburg vom 12. Mai 1998.<\/p>\n<p>&nbsp;<\/p>\n","protected":false},"excerpt":{"rendered":"<p>\u00a0 Redaktionsanschrift: proSatira Karl-Erich Weber Rennbahnstr. 23 b 67454 Ha\u00dfloch Telefon: 06324 979099 E-Mail: info@proSatira.de Inhaber und verantwortlich f\u00fcr den redaktionellen Inhalt und Anzeigen. Umsatzsteuer-ID: DE 14973781 Urheberrecht: Alle in proSatira erschienen Beitr\u00e4ge sind urheberrechtlich gesch\u00fctzt. Alle Rechte (insbesondere Zweitverwertung) &hellip; <a href=\"https:\/\/prosatira.de\/?page_id=15\">Weiterlesen <span class=\"meta-nav\">&rarr;<\/span><\/a><\/p>\n","protected":false},"author":1,"featured_media":0,"parent":0,"menu_order":0,"comment_status":"closed","ping_status":"closed","template":"","meta":{"footnotes":""},"_links":{"self":[{"href":"https:\/\/prosatira.de\/index.php?rest_route=\/wp\/v2\/pages\/15"}],"collection":[{"href":"https:\/\/prosatira.de\/index.php?rest_route=\/wp\/v2\/pages"}],"about":[{"href":"https:\/\/prosatira.de\/index.php?rest_route=\/wp\/v2\/types\/page"}],"author":[{"embeddable":true,"href":"https:\/\/prosatira.de\/index.php?rest_route=\/wp\/v2\/users\/1"}],"replies":[{"embeddable":true,"href":"https:\/\/prosatira.de\/index.php?rest_route=%2Fwp%2Fv2%2Fcomments&post=15"}],"version-history":[{"count":1,"href":"https:\/\/prosatira.de\/index.php?rest_route=\/wp\/v2\/pages\/15\/revisions"}],"predecessor-version":[{"id":16,"href":"https:\/\/prosatira.de\/index.php?rest_route=\/wp\/v2\/pages\/15\/revisions\/16"}],"wp:attachment":[{"href":"https:\/\/prosatira.de\/index.php?rest_route=%2Fwp%2Fv2%2Fmedia&parent=15"}],"curies":[{"name":"wp","href":"https:\/\/api.w.org\/{rel}","templated":true}]}}